{"id":357,"date":"2025-06-22T05:44:07","date_gmt":"2025-06-22T05:44:07","guid":{"rendered":"https:\/\/wheat-mongoose-921982.hostingersite.com\/contact\/"},"modified":"2025-11-09T19:01:29","modified_gmt":"2025-11-09T19:01:29","slug":"contact","status":"publish","type":"page","link":"https:\/\/theholisticforge.com\/es\/contact\/","title":{"rendered":"Cont\u00e1ctenos"},"content":{"rendered":"<div data-elementor-type=\"wp-page\" data-elementor-id=\"357\" class=\"elementor elementor-357\">\n\t\t\t\t<div class=\"elementor-element elementor-element-44fee60 e-flex e-con-boxed e-con e-parent\" data-id=\"44fee60\" data-element_type=\"container\">\n\t\t\t\t\t<div class=\"e-con-inner\">\n\t\t<div class=\"elementor-element elementor-element-265caa9 e-con-full e-flex e-con e-child\" data-id=\"265caa9\" data-element_type=\"container\">\n\t\t\t\t<div class=\"elementor-element elementor-element-3ea0316 exad-sticky-section-no exad-glass-effect-no elementor-widget elementor-widget-heading\" data-id=\"3ea0316\" data-element_type=\"widget\" data-widget_type=\"heading.default\">\n\t\t\t\t\t<h2 class=\"elementor-heading-title elementor-size-default\">EL FORJADO INTEGRAL<\/h2>\t\t\t\t<\/div>\n\t\t\t\t<div class=\"elementor-element elementor-element-284958b exad-sticky-section-no exad-glass-effect-no elementor-widget elementor-widget-text-editor\" data-id=\"284958b\" data-element_type=\"widget\" data-widget_type=\"text-editor.default\">\n\t\t\t\t\t\t\t\t\t<p data-start=\"2645\" data-end=\"2800\">Empowering entrepreneurs and professionals to blend productivity, wellness, and technology to forge clarity, balance, and lasting results.\u00a0<\/p>\t\t\t\t\t\t\t\t<\/div>\n\t\t\t\t<\/div>\n\t\t<div class=\"elementor-element elementor-element-567f583 e-con-full e-flex e-con e-child\" data-id=\"567f583\" data-element_type=\"container\">\n\t\t<div class=\"elementor-element elementor-element-16f848b e-con-full e-flex e-con e-child\" data-id=\"16f848b\" data-element_type=\"container\">\n\t\t\t\t<div class=\"elementor-element elementor-element-9f8a0d2 exad-sticky-section-no exad-glass-effect-no elementor-widget elementor-widget-image\" data-id=\"9f8a0d2\" data-element_type=\"widget\" data-widget_type=\"image.default\">\n\t\t\t\t\t\t\t\t\t\t\t\t\t\t\t<img fetchpriority=\"high\" decoding=\"async\" width=\"1024\" height=\"903\" src=\"https:\/\/theholisticforge.com\/wp-content\/uploads\/2025\/11\/17583781608881-1024x903.jpg\" class=\"attachment-large size-large wp-image-5376\" alt=\"\" srcset=\"https:\/\/theholisticforge.com\/wp-content\/uploads\/2025\/11\/17583781608881-1024x903.jpg 1024w, https:\/\/theholisticforge.com\/wp-content\/uploads\/2025\/11\/17583781608881-300x265.jpg 300w, https:\/\/theholisticforge.com\/wp-content\/uploads\/2025\/11\/17583781608881-768x677.jpg 768w, https:\/\/theholisticforge.com\/wp-content\/uploads\/2025\/11\/17583781608881-1536x1355.jpg 1536w, https:\/\/theholisticforge.com\/wp-content\/uploads\/2025\/11\/17583781608881-2048x1806.jpg 2048w, https:\/\/theholisticforge.com\/wp-content\/uploads\/2025\/11\/17583781608881-600x529.jpg 600w\" sizes=\"(max-width: 1024px) 100vw, 1024px\" \/>\t\t\t\t\t\t\t\t\t\t\t\t\t\t\t<\/div>\n\t\t\t\t<\/div>\n\t\t\t\t<\/div>\n\t\t<div class=\"elementor-element elementor-element-3e1c5c5 e-con-full e-flex e-con e-child\" data-id=\"3e1c5c5\" data-element_type=\"container\">\n\t\t<div class=\"elementor-element elementor-element-2d3069a e-con-full e-flex e-con e-child\" data-id=\"2d3069a\" data-element_type=\"container\">\n\t\t\t\t<div class=\"elementor-element elementor-element-ce9cac8 exad-sticky-section-no exad-glass-effect-no elementor-widget elementor-widget-heading\" data-id=\"ce9cac8\" data-element_type=\"widget\" data-widget_type=\"heading.default\">\n\t\t\t\t\t<h2 class=\"elementor-heading-title elementor-size-default\">Get In Touch<\/h2>\t\t\t\t<\/div>\n\t\t\t\t<div class=\"elementor-element elementor-element-5061ad6 exad-sticky-section-no exad-glass-effect-no elementor-widget elementor-widget-text-editor\" data-id=\"5061ad6\" data-element_type=\"widget\" data-widget_type=\"text-editor.default\">\n\t\t\t\t\t\t\t\t\t<p>Get instant access to productivity frameworks, wellness tools, and entrepreneurship resources\u2014all in one place.<\/p>\t\t\t\t\t\t\t\t<\/div>\n\t\t\t\t<div class=\"elementor-element elementor-element-63c9f5f elementor-widget__width-auto exad-sticky-section-no exad-glass-effect-no elementor-widget elementor-widget-wpforms\" data-id=\"63c9f5f\" data-element_type=\"widget\" data-widget_type=\"wpforms.default\">\n\t\t\t\t<div class=\"elementor-widget-container\">\n\t\t\t\t\t<div class=\"wpforms-container\" id=\"wpforms-4049\"><form id=\"wpforms-form-4049\" class=\"wpforms-validate wpforms-form wpforms-ajax-form\" data-formid=\"4049\" method=\"post\" enctype=\"multipart\/form-data\" action=\"\/es\/wp-json\/wp\/v2\/pages\/357\" data-token=\"626475749c9f618022addc940fb0231c\" data-token-time=\"1775556323\" data-trp-original-action=\"\/es\/wp-json\/wp\/v2\/pages\/357\"><noscript class=\"wpforms-error-noscript\">Por favor, activa JavaScript en tu navegador para completar este formulario.<\/noscript><div class=\"wpforms-field-container\"><div id=\"wpforms-4049-field_0-container\" class=\"wpforms-field wpforms-field-name\" data-field-id=\"0\"><label class=\"wpforms-field-label\" for=\"wpforms-4049-field_0\">Nombre (opcional)<\/label><input type=\"text\" id=\"wpforms-4049-field_0\" class=\"wpforms-field-medium\" name=\"wpforms[fields][0]\" ><\/div>\t\t<div id=\"wpforms-4049-field_2-container\"\n\t\t\tclass=\"wpforms-field wpforms-field-text\"\n\t\t\tdata-field-type=\"text\"\n\t\t\tdata-field-id=\"2\"\n\t\t\t>\n\t\t\t<label class=\"wpforms-field-label\" for=\"wpforms-4049-field_2\" >Email (optional) email<\/label>\n\t\t\t<input type=\"text\" id=\"wpforms-4049-field_2\" class=\"wpforms-field-medium\" name=\"wpforms[fields][2]\" >\n\t\t<\/div>\n\t\t<div id=\"wpforms-4049-field_1-container\" class=\"wpforms-field wpforms-field-email\" data-field-id=\"1\"><label class=\"wpforms-field-label\" for=\"wpforms-4049-field_1\">Correo electr\u00f3nico <span class=\"wpforms-required-label\">*<\/span><\/label><input type=\"email\" id=\"wpforms-4049-field_1\" class=\"wpforms-field-medium wpforms-field-required\" name=\"wpforms[fields][1]\" spellcheck=\"false\" required><\/div><div id=\"wpforms-4049-field_5-container\" class=\"wpforms-field wpforms-field-checkbox\" data-field-id=\"5\"><label class=\"wpforms-field-label wpforms-label-hide\">Consentimiento de correo electr\u00f3nico de marketing <span class=\"wpforms-required-label\">*<\/span><\/label><ul id=\"wpforms-4049-field_5\" class=\"wpforms-field-required\"><li class=\"choice-1 depth-1\"><input type=\"checkbox\" id=\"wpforms-4049-field_5_1\" name=\"wpforms[fields][5][]\" value=\"Yes, send me free resources and updates from The Holistic Forge.\" required><label class=\"wpforms-field-label-inline\" for=\"wpforms-4049-field_5_1\">S\u00ed, env\u00edenme recursos gratuitos y actualizaciones de La Fragua Hol\u00edstica.<\/label><\/li><\/ul><\/div><script>\n\t\t\t\t( function() {\n\t\t\t\t\tconst style = document.createElement( 'style' );\n\t\t\t\t\tstyle.appendChild( document.createTextNode( '#wpforms-4049-field_2-container { position: absolute !important; overflow: hidden !important; display: inline !important; height: 1px !important; width: 1px !important; z-index: -1000 !important; padding: 0 !important; } #wpforms-4049-field_2-container input { visibility: hidden; } #wpforms-conversational-form-page #wpforms-4049-field_2-container label { counter-increment: none; }' ) );\n\t\t\t\t\tdocument.head.appendChild( style );\n\t\t\t\t\tdocument.currentScript?.remove();\n\t\t\t\t} )();\n\t\t\t<\/script><\/div><!-- .wpforms-field-container --><div class=\"wpforms-submit-container\" ><input type=\"hidden\" name=\"wpforms[id]\" value=\"4049\"><input type=\"hidden\" name=\"page_title\" value=\"\"><input type=\"hidden\" name=\"page_url\" value=\"https:\/\/theholisticforge.com\/es\/wp-json\/wp\/v2\/pages\/357\"><input type=\"hidden\" name=\"url_referer\" value=\"\"><button type=\"submit\" name=\"wpforms[submit]\" id=\"wpforms-submit-4049\" class=\"wpforms-submit\" data-alt-text=\"Sending...\" data-submit-text=\"\ud83d\ude80 GET MY FREE TOOLKIT\" aria-live=\"assertive\" value=\"wpforms-submit\">\ud83d\ude80 CONSIGUE MI KIT DE HERRAMIENTAS GRATIS<\/button><img decoding=\"async\" src=\"https:\/\/theholisticforge.com\/wp-content\/plugins\/wpforms-lite\/assets\/images\/submit-spin.svg\" class=\"wpforms-submit-spinner\" style=\"display: none;\" width=\"26\" height=\"26\" alt=\"Cargando\"><\/div><input type=\"hidden\" name=\"trp-form-language\" value=\"es\"\/><\/form><\/div>  <!-- .wpforms-container -->\t\t\t\t<\/div>\n\t\t\t\t<\/div>\n\t\t\t\t<\/div>\n\t\t\t\t<\/div>\n\t\t\t\t\t<\/div>\n\t\t\t\t<\/div>\n\t\t\t\t<\/div>","protected":false},"excerpt":{"rendered":"<p>the holistic forge Empowering entrepreneurs and professionals to blend productivity, wellness, and technology to forge clarity, balance, and lasting results.\u00a0 Get In Touch Get instant access to productivity frameworks, wellness tools, and entrepreneurship resources\u2014all in one place. Please enable JavaScript in your browser to complete this form.Name (optional)Email *Marketing email consent * Yes, send me [&hellip;]<\/p>","protected":false},"author":1,"featured_media":0,"parent":0,"menu_order":0,"comment_status":"closed","ping_status":"closed","template":"","meta":{"site-sidebar-layout":"no-sidebar","site-content-layout":"page-builder","ast-site-content-layout":"default","site-content-style":"default","site-sidebar-style":"default","ast-global-header-display":"","ast-banner-title-visibility":"","ast-main-header-display":"","ast-hfb-above-header-display":"","ast-hfb-below-header-display":"","ast-hfb-mobile-header-display":"","site-post-title":"disabled","ast-breadcrumbs-content":"disabled","ast-featured-img":"disabled","footer-sml-layout":"","theme-transparent-header-meta":"enabled","adv-header-id-meta":"","stick-header-meta":"","header-above-stick-meta":"","header-main-stick-meta":"","header-below-stick-meta":"","astra-migrate-meta-layouts":"default","ast-page-background-enabled":"default","ast-page-background-meta":{"desktop":{"background-color":"var(--ast-global-color-4)","background-image":"","background-repeat":"repeat","background-position":"center center","background-size":"auto","background-attachment":"scroll","background-type":"","background-media":"","overlay-type":"","overlay-color":"","overlay-opacity":"","overlay-gradient":""},"tablet":{"background-color":"","background-image":"","background-repeat":"repeat","background-position":"center center","background-size":"auto","background-attachment":"scroll","background-type":"","background-media":"","overlay-type":"","overlay-color":"","overlay-opacity":"","overlay-gradient":""},"mobile":{"background-color":"","background-image":"","background-repeat":"repeat","background-position":"center center","background-size":"auto","background-attachment":"scroll","background-type":"","background-media":"","overlay-type":"","overlay-color":"","overlay-opacity":"","overlay-gradient":""}},"ast-content-background-meta":{"desktop":{"background-color":"var(--ast-global-color-5)","background-image":"","background-repeat":"repeat","background-position":"center center","background-size":"auto","background-attachment":"scroll","background-type":"","background-media":"","overlay-type":"","overlay-color":"","overlay-opacity":"","overlay-gradient":""},"tablet":{"background-color":"var(--ast-global-color-5)","background-image":"","background-repeat":"repeat","background-position":"center center","background-size":"auto","background-attachment":"scroll","background-type":"","background-media":"","overlay-type":"","overlay-color":"","overlay-opacity":"","overlay-gradient":""},"mobile":{"background-color":"var(--ast-global-color-5)","background-image":"","background-repeat":"repeat","background-position":"center center","background-size":"auto","background-attachment":"scroll","background-type":"","background-media":"","overlay-type":"","overlay-color":"","overlay-opacity":"","overlay-gradient":""}},"footnotes":""},"class_list":["post-357","page","type-page","status-publish","hentry"],"_links":{"self":[{"href":"https:\/\/theholisticforge.com\/es\/wp-json\/wp\/v2\/pages\/357","targetHints":{"allow":["GET"]}}],"collection":[{"href":"https:\/\/theholisticforge.com\/es\/wp-json\/wp\/v2\/pages"}],"about":[{"href":"https:\/\/theholisticforge.com\/es\/wp-json\/wp\/v2\/types\/page"}],"author":[{"embeddable":true,"href":"https:\/\/theholisticforge.com\/es\/wp-json\/wp\/v2\/users\/1"}],"replies":[{"embeddable":true,"href":"https:\/\/theholisticforge.com\/es\/wp-json\/wp\/v2\/comments?post=357"}],"version-history":[{"count":43,"href":"https:\/\/theholisticforge.com\/es\/wp-json\/wp\/v2\/pages\/357\/revisions"}],"predecessor-version":[{"id":5454,"href":"https:\/\/theholisticforge.com\/es\/wp-json\/wp\/v2\/pages\/357\/revisions\/5454"}],"wp:attachment":[{"href":"https:\/\/theholisticforge.com\/es\/wp-json\/wp\/v2\/media?parent=357"}],"curies":[{"name":"wp","href":"https:\/\/api.w.org\/{rel}","templated":true}]}}